{"id":91429,"date":"2026-03-06T19:35:37","date_gmt":"2026-03-06T22:35:37","guid":{"rendered":"https:\/\/www.greenjaribiza.com\/?post_type=product&#038;p=91429"},"modified":"2026-03-12T06:31:42","modified_gmt":"2026-03-12T09:31:42","slug":"quadruple-bar-corners","status":"publish","type":"product","link":"https:\/\/www.greenjaribiza.com\/en\/produto\/quadruple-bar-corners\/","title":{"rendered":"Quadruple bar corners"},"content":{"rendered":"<div class=\"elementor-element elementor-element-a56b7cf elementor-widget elementor-widget-text-editor\" data-id=\"a56b7cf\" data-element_type=\"widget\" data-widget_type=\"text-editor.default\">\n<div class=\"elementor-widget-container\">\n<p data-start=\"107\" data-end=\"278\"><strong data-start=\"107\" data-end=\"155\"><span dir=\"auto\" style=\"vertical-align: inherit;\">Bar m\u00f3vel em azul turquesa escuro, estilo cl\u00e1ssico.<\/span><\/strong><br data-start=\"155\" data-end=\"158\" \/><span dir=\"auto\" style=\"vertical-align: inherit;\"> Bancada com acabamento em efeito m\u00e1rmore branco e detalhes dourados. Ideal para servir coquet\u00e9is e todos os tipos de bebidas.<\/span><\/p>\n<p data-start=\"280\" data-end=\"293\"><strong data-start=\"280\" data-end=\"293\"><span dir=\"auto\" style=\"vertical-align: inherit;\">Inclui:<\/span><\/strong><\/p>\n<ul data-start=\"294\" data-end=\"566\">\n<li data-section-id=\"fi50nc\" data-start=\"294\" data-end=\"401\">\n<p data-start=\"296\" data-end=\"401\"><span dir=\"auto\" style=\"vertical-align: inherit;\">Esta\u00e7\u00e3o de coquet\u00e9is em a\u00e7o inoxid\u00e1vel, com m\u00f3dulo de gelo dividido em 3 se\u00e7\u00f5es, cubas gastronorm e escorredor.<\/span><\/p>\n<\/li>\n<li data-section-id=\"tjz90c\" data-start=\"402\" data-end=\"421\">\n<p data-start=\"404\" data-end=\"421\"><span dir=\"auto\" style=\"vertical-align: inherit;\">Cremalheira de velocidade de 80 cm.<\/span><\/p>\n<\/li>\n<li data-section-id=\"kgo6pg\" data-start=\"422\" data-end=\"464\">\n<p data-start=\"424\" data-end=\"464\"><span dir=\"auto\" style=\"vertical-align: inherit;\">Bandeja superior com ilumina\u00e7\u00e3o quente e escorredor.<\/span><\/p>\n<\/li>\n<li data-section-id=\"r7njjx\" data-start=\"465\" data-end=\"537\">\n<p data-start=\"467\" data-end=\"537\"><span dir=\"auto\" style=\"vertical-align: inherit;\">Ilumina\u00e7\u00e3o frontal com luzes coloridas e luz branca na \u00e1rea de trabalho.<\/span><\/p>\n<\/li>\n<li data-section-id=\"1krqs7k\" data-start=\"538\" data-end=\"566\">\n<p data-start=\"540\" data-end=\"566\"><span dir=\"auto\" style=\"vertical-align: inherit;\">Rodas para facilitar o transporte.<\/span><\/p>\n<\/li>\n<\/ul>\n<p data-start=\"568\" data-end=\"683\"><strong data-start=\"568\" data-end=\"593\"><span dir=\"auto\" style=\"vertical-align: inherit;\">Acess\u00f3rios inclu\u00eddos:<\/span><\/strong><br data-start=\"593\" data-end=\"596\" \/><span dir=\"auto\" style=\"vertical-align: inherit;\"> Bomba de \u00e1gua, reservat\u00f3rio de \u00e1gua, balde de drenagem e cabo de extens\u00e3o para liga\u00e7\u00e3o el\u00e9trica.<\/span><\/p>\n<p data-start=\"685\" data-end=\"726\"><strong data-start=\"685\" data-end=\"726\"><span dir=\"auto\" style=\"vertical-align: inherit;\">M\u00f3dulo interno opcional \u00e0 escolha:<\/span><\/strong><\/p>\n<ul data-start=\"727\" data-end=\"846\">\n<li data-section-id=\"5yd2fw\" data-start=\"727\" data-end=\"767\">\n<p data-start=\"729\" data-end=\"767\"><span dir=\"auto\" style=\"vertical-align: inherit;\">M\u00f3dulo com 3 prateleiras de a\u00e7o inoxid\u00e1vel.<\/span><\/p>\n<\/li>\n<li data-section-id=\"am1fvl\" data-start=\"768\" data-end=\"846\">\n<p data-start=\"770\" data-end=\"846\"><span dir=\"auto\" style=\"vertical-align: inherit;\">M\u00f3dulo com pia, torneira extens\u00edvel e torneira vertical para enx\u00e1gue de copos. (+75 \u20ac)<\/span><\/p>\n<\/li>\n<\/ul>\n<\/div>\n<\/div>\n<section class=\"elementor-section elementor-inner-section elementor-element elementor-element-db64008 elementor-section-boxed elementor-section-height-default elementor-section-height-default\" data-id=\"db64008\" data-element_type=\"section\">\n<div class=\"elementor-container elementor-column-gap-default\">\n<div class=\"elementor-column elementor-col-50 elementor-inner-column elementor-element elementor-element-50eff8c\" data-id=\"50eff8c\" data-element_type=\"column\">\n<div class=\"elementor-widget-wrap elementor-element-populated\">\n<div class=\"elementor-element elementor-element-8653508 elementor-widget elementor-widget-text-editor\" data-id=\"8653508\" data-element_type=\"widget\" data-widget_type=\"text-editor.default\">\n<div class=\"elementor-widget-container\">\n<div class=\"page\" title=\"P\u00e1gina 2\">\n<div class=\"section\">\n<div class=\"layoutArea\">\n<div class=\"column\">\n<div class=\"page\" title=\"P\u00e1gina 3\">\n<div class=\"section\">\n<div class=\"layoutArea\">\n<div class=\"column\">\n<ul>\n<li><span dir=\"auto\" style=\"vertical-align: inherit;\"><span dir=\"auto\" style=\"vertical-align: inherit;\"><strong>Length<\/strong>: 7,10 m<br \/>\n<\/span><\/span><\/li>\n<li><span dir=\"auto\" style=\"vertical-align: inherit;\"><span dir=\"auto\" style=\"vertical-align: inherit;\"><strong>Height<\/strong>: 1,20 m<br \/>\n<\/span><\/span><\/li>\n<li><span dir=\"auto\" style=\"vertical-align: inherit;\"><span dir=\"auto\" style=\"vertical-align: inherit;\"><strong>Depth<\/strong>: 2,70 m<\/span><\/span><\/li>\n<\/ul>\n<\/div>\n<\/div>\n<\/div>\n<\/div>\n<\/div>\n<\/div>\n<\/div>\n<\/div>\n<\/div>\n<\/div>\n<\/div>\n<\/div>\n<\/div>\n<\/section>\n","protected":false},"excerpt":{"rendered":"<p>Bar m\u00f3vel em azul turquesa escuro, estilo cl\u00e1ssico. Bancada com acabamento em efeito m\u00e1rmore branco e detalhes dourados. Ideal para servir coquet\u00e9is e todos os tipos de bebidas. Inclui: Esta\u00e7\u00e3o de coquet\u00e9is em a\u00e7o inoxid\u00e1vel, com m\u00f3dulo de gelo dividido em 3 se\u00e7\u00f5es, cubas gastronorm e escorredor. Cremalheira de velocidade de 80 cm. Bandeja superior [&hellip;]<\/p>\n","protected":false},"featured_media":91440,"comment_status":"open","ping_status":"closed","template":"","meta":[],"product_brand":[],"product_cat":[43],"product_tag":[],"class_list":{"0":"post-91429","1":"product","2":"type-product","3":"status-publish","4":"has-post-thumbnail","6":"product_cat-mobile-bars","8":"first","9":"onbackorder","10":"shipping-taxable","11":"purchasable","12":"product-type-variable","13":"has-default-attributes"},"yoast_head":"<!-- This site is optimized with the Yoast SEO plugin v26.5 - https:\/\/yoast.com\/wordpress\/plugins\/seo\/ -->\n<title>Quadruple bar corners - Green Jar Ibiza<\/title>\n<meta name=\"robots\" content=\"index, follow, max-snippet:-1, max-image-preview:large, max-video-preview:-1\" \/>\n<link rel=\"canonical\" href=\"https:\/\/www.greenjaribiza.com\/en\/produto\/quadruple-bar-corners\/\" \/>\n<meta property=\"og:locale\" content=\"en_US\" \/>\n<meta property=\"og:type\" content=\"article\" \/>\n<meta property=\"og:title\" content=\"Quadruple bar corners - Green Jar Ibiza\" \/>\n<meta property=\"og:description\" content=\"Bar m\u00f3vel em azul turquesa escuro, estilo cl\u00e1ssico. Bancada com acabamento em efeito m\u00e1rmore branco e detalhes dourados. Ideal para servir coquet\u00e9is e todos os tipos de bebidas. Inclui: Esta\u00e7\u00e3o de coquet\u00e9is em a\u00e7o inoxid\u00e1vel, com m\u00f3dulo de gelo dividido em 3 se\u00e7\u00f5es, cubas gastronorm e escorredor. Cremalheira de velocidade de 80 cm. Bandeja superior [&hellip;]\" \/>\n<meta property=\"og:url\" content=\"https:\/\/www.greenjaribiza.com\/en\/produto\/quadruple-bar-corners\/\" \/>\n<meta property=\"og:site_name\" content=\"Green Jar Ibiza\" \/>\n<meta property=\"article:modified_time\" content=\"2026-03-12T09:31:42+00:00\" \/>\n<meta property=\"og:image\" content=\"https:\/\/www.greenjaribiza.com\/wp-content\/uploads\/2026\/03\/quadruple-bar-corners-scaled.jpg\" \/>\n\t<meta property=\"og:image:width\" content=\"2560\" \/>\n\t<meta property=\"og:image:height\" content=\"2100\" \/>\n\t<meta property=\"og:image:type\" content=\"image\/jpeg\" \/>\n<meta name=\"twitter:card\" content=\"summary_large_image\" \/>\n<meta name=\"twitter:label1\" content=\"Est. reading time\" \/>\n\t<meta name=\"twitter:data1\" content=\"1 minute\" \/>\n<script type=\"application\/ld+json\" class=\"yoast-schema-graph\">{\"@context\":\"https:\/\/schema.org\",\"@graph\":[{\"@type\":\"WebPage\",\"@id\":\"https:\/\/www.greenjaribiza.com\/produto\/quadruple-bar-corners\/\",\"url\":\"https:\/\/www.greenjaribiza.com\/produto\/quadruple-bar-corners\/\",\"name\":\"Quadruple bar corners - Green Jar Ibiza\",\"isPartOf\":{\"@id\":\"https:\/\/www.greenjaribiza.com\/#website\"},\"primaryImageOfPage\":{\"@id\":\"https:\/\/www.greenjaribiza.com\/produto\/quadruple-bar-corners\/#primaryimage\"},\"image\":{\"@id\":\"https:\/\/www.greenjaribiza.com\/produto\/quadruple-bar-corners\/#primaryimage\"},\"thumbnailUrl\":\"https:\/\/www.greenjaribiza.com\/wp-content\/uploads\/2026\/03\/quadruple-bar-corners-scaled.jpg\",\"datePublished\":\"2026-03-06T22:35:37+00:00\",\"dateModified\":\"2026-03-12T09:31:42+00:00\",\"breadcrumb\":{\"@id\":\"https:\/\/www.greenjaribiza.com\/produto\/quadruple-bar-corners\/#breadcrumb\"},\"inLanguage\":\"en-US\",\"potentialAction\":[{\"@type\":\"ReadAction\",\"target\":[\"https:\/\/www.greenjaribiza.com\/produto\/quadruple-bar-corners\/\"]}]},{\"@type\":\"ImageObject\",\"inLanguage\":\"en-US\",\"@id\":\"https:\/\/www.greenjaribiza.com\/produto\/quadruple-bar-corners\/#primaryimage\",\"url\":\"https:\/\/www.greenjaribiza.com\/wp-content\/uploads\/2026\/03\/quadruple-bar-corners-scaled.jpg\",\"contentUrl\":\"https:\/\/www.greenjaribiza.com\/wp-content\/uploads\/2026\/03\/quadruple-bar-corners-scaled.jpg\",\"width\":2560,\"height\":2100,\"caption\":\"quadruple-bar-corners\"},{\"@type\":\"BreadcrumbList\",\"@id\":\"https:\/\/www.greenjaribiza.com\/produto\/quadruple-bar-corners\/#breadcrumb\",\"itemListElement\":[{\"@type\":\"ListItem\",\"position\":1,\"name\":\"Home\",\"item\":\"https:\/\/www.greenjaribiza.com\/\"},{\"@type\":\"ListItem\",\"position\":2,\"name\":\"Loja\",\"item\":\"https:\/\/www.greenjaribiza.com\/loja\/\"},{\"@type\":\"ListItem\",\"position\":3,\"name\":\"Quadruple bar corners\"}]},{\"@type\":\"WebSite\",\"@id\":\"https:\/\/www.greenjaribiza.com\/#website\",\"url\":\"https:\/\/www.greenjaribiza.com\/\",\"name\":\"Green Jar Ibiza\",\"description\":\"Cocktail Bar Catering Ibiza\",\"publisher\":{\"@id\":\"https:\/\/www.greenjaribiza.com\/#organization\"},\"potentialAction\":[{\"@type\":\"SearchAction\",\"target\":{\"@type\":\"EntryPoint\",\"urlTemplate\":\"https:\/\/www.greenjaribiza.com\/?s={search_term_string}\"},\"query-input\":{\"@type\":\"PropertyValueSpecification\",\"valueRequired\":true,\"valueName\":\"search_term_string\"}}],\"inLanguage\":\"en-US\"},{\"@type\":\"Organization\",\"@id\":\"https:\/\/www.greenjaribiza.com\/#organization\",\"name\":\"Green Jar Ibiza\",\"url\":\"https:\/\/www.greenjaribiza.com\/\",\"logo\":{\"@type\":\"ImageObject\",\"inLanguage\":\"en-US\",\"@id\":\"https:\/\/www.greenjaribiza.com\/#\/schema\/logo\/image\/\",\"url\":\"https:\/\/www.greenjaribiza.com\/wp-content\/uploads\/2025\/02\/greenjar-ibiza-bar-cocktail-catering.png\",\"contentUrl\":\"https:\/\/www.greenjaribiza.com\/wp-content\/uploads\/2025\/02\/greenjar-ibiza-bar-cocktail-catering.png\",\"width\":300,\"height\":190,\"caption\":\"Green Jar Ibiza\"},\"image\":{\"@id\":\"https:\/\/www.greenjaribiza.com\/#\/schema\/logo\/image\/\"}}]}<\/script>\n<!-- \/ Yoast SEO plugin. -->","yoast_head_json":{"title":"Quadruple bar corners - Green Jar Ibiza","robots":{"index":"index","follow":"follow","max-snippet":"max-snippet:-1","max-image-preview":"max-image-preview:large","max-video-preview":"max-video-preview:-1"},"canonical":"https:\/\/www.greenjaribiza.com\/en\/produto\/quadruple-bar-corners\/","og_locale":"en_US","og_type":"article","og_title":"Quadruple bar corners - Green Jar Ibiza","og_description":"Bar m\u00f3vel em azul turquesa escuro, estilo cl\u00e1ssico. Bancada com acabamento em efeito m\u00e1rmore branco e detalhes dourados. Ideal para servir coquet\u00e9is e todos os tipos de bebidas. Inclui: Esta\u00e7\u00e3o de coquet\u00e9is em a\u00e7o inoxid\u00e1vel, com m\u00f3dulo de gelo dividido em 3 se\u00e7\u00f5es, cubas gastronorm e escorredor. Cremalheira de velocidade de 80 cm. Bandeja superior [&hellip;]","og_url":"https:\/\/www.greenjaribiza.com\/en\/produto\/quadruple-bar-corners\/","og_site_name":"Green Jar Ibiza","article_modified_time":"2026-03-12T09:31:42+00:00","og_image":[{"width":2560,"height":2100,"url":"https:\/\/www.greenjaribiza.com\/wp-content\/uploads\/2026\/03\/quadruple-bar-corners-scaled.jpg","type":"image\/jpeg"}],"twitter_card":"summary_large_image","twitter_misc":{"Est. reading time":"1 minute"},"schema":{"@context":"https:\/\/schema.org","@graph":[{"@type":"WebPage","@id":"https:\/\/www.greenjaribiza.com\/produto\/quadruple-bar-corners\/","url":"https:\/\/www.greenjaribiza.com\/produto\/quadruple-bar-corners\/","name":"Quadruple bar corners - Green Jar Ibiza","isPartOf":{"@id":"https:\/\/www.greenjaribiza.com\/#website"},"primaryImageOfPage":{"@id":"https:\/\/www.greenjaribiza.com\/produto\/quadruple-bar-corners\/#primaryimage"},"image":{"@id":"https:\/\/www.greenjaribiza.com\/produto\/quadruple-bar-corners\/#primaryimage"},"thumbnailUrl":"https:\/\/www.greenjaribiza.com\/wp-content\/uploads\/2026\/03\/quadruple-bar-corners-scaled.jpg","datePublished":"2026-03-06T22:35:37+00:00","dateModified":"2026-03-12T09:31:42+00:00","breadcrumb":{"@id":"https:\/\/www.greenjaribiza.com\/produto\/quadruple-bar-corners\/#breadcrumb"},"inLanguage":"en-US","potentialAction":[{"@type":"ReadAction","target":["https:\/\/www.greenjaribiza.com\/produto\/quadruple-bar-corners\/"]}]},{"@type":"ImageObject","inLanguage":"en-US","@id":"https:\/\/www.greenjaribiza.com\/produto\/quadruple-bar-corners\/#primaryimage","url":"https:\/\/www.greenjaribiza.com\/wp-content\/uploads\/2026\/03\/quadruple-bar-corners-scaled.jpg","contentUrl":"https:\/\/www.greenjaribiza.com\/wp-content\/uploads\/2026\/03\/quadruple-bar-corners-scaled.jpg","width":2560,"height":2100,"caption":"quadruple-bar-corners"},{"@type":"BreadcrumbList","@id":"https:\/\/www.greenjaribiza.com\/produto\/quadruple-bar-corners\/#breadcrumb","itemListElement":[{"@type":"ListItem","position":1,"name":"Home","item":"https:\/\/www.greenjaribiza.com\/"},{"@type":"ListItem","position":2,"name":"Loja","item":"https:\/\/www.greenjaribiza.com\/loja\/"},{"@type":"ListItem","position":3,"name":"Quadruple bar corners"}]},{"@type":"WebSite","@id":"https:\/\/www.greenjaribiza.com\/#website","url":"https:\/\/www.greenjaribiza.com\/","name":"Green Jar Ibiza","description":"Cocktail Bar Catering Ibiza","publisher":{"@id":"https:\/\/www.greenjaribiza.com\/#organization"},"potentialAction":[{"@type":"SearchAction","target":{"@type":"EntryPoint","urlTemplate":"https:\/\/www.greenjaribiza.com\/?s={search_term_string}"},"query-input":{"@type":"PropertyValueSpecification","valueRequired":true,"valueName":"search_term_string"}}],"inLanguage":"en-US"},{"@type":"Organization","@id":"https:\/\/www.greenjaribiza.com\/#organization","name":"Green Jar Ibiza","url":"https:\/\/www.greenjaribiza.com\/","logo":{"@type":"ImageObject","inLanguage":"en-US","@id":"https:\/\/www.greenjaribiza.com\/#\/schema\/logo\/image\/","url":"https:\/\/www.greenjaribiza.com\/wp-content\/uploads\/2025\/02\/greenjar-ibiza-bar-cocktail-catering.png","contentUrl":"https:\/\/www.greenjaribiza.com\/wp-content\/uploads\/2025\/02\/greenjar-ibiza-bar-cocktail-catering.png","width":300,"height":190,"caption":"Green Jar Ibiza"},"image":{"@id":"https:\/\/www.greenjaribiza.com\/#\/schema\/logo\/image\/"}}]}},"_links":{"self":[{"href":"https:\/\/www.greenjaribiza.com\/en\/wp-json\/wp\/v2\/product\/91429","targetHints":{"allow":["GET"]}}],"collection":[{"href":"https:\/\/www.greenjaribiza.com\/en\/wp-json\/wp\/v2\/product"}],"about":[{"href":"https:\/\/www.greenjaribiza.com\/en\/wp-json\/wp\/v2\/types\/product"}],"replies":[{"embeddable":true,"href":"https:\/\/www.greenjaribiza.com\/en\/wp-json\/wp\/v2\/comments?post=91429"}],"wp:featuredmedia":[{"embeddable":true,"href":"https:\/\/www.greenjaribiza.com\/en\/wp-json\/wp\/v2\/media\/91440"}],"wp:attachment":[{"href":"https:\/\/www.greenjaribiza.com\/en\/wp-json\/wp\/v2\/media?parent=91429"}],"wp:term":[{"taxonomy":"product_brand","embeddable":true,"href":"https:\/\/www.greenjaribiza.com\/en\/wp-json\/wp\/v2\/product_brand?post=91429"},{"taxonomy":"product_cat","embeddable":true,"href":"https:\/\/www.greenjaribiza.com\/en\/wp-json\/wp\/v2\/product_cat?post=91429"},{"taxonomy":"product_tag","embeddable":true,"href":"https:\/\/www.greenjaribiza.com\/en\/wp-json\/wp\/v2\/product_tag?post=91429"}],"curies":[{"name":"wp","href":"https:\/\/api.w.org\/{rel}","templated":true}]}}