{"id":3,"date":"2025-02-06T18:31:53","date_gmt":"2025-02-06T21:31:53","guid":{"rendered":"https:\/\/www.greenjaribiza.com\/?page_id=3"},"modified":"2025-05-27T10:47:38","modified_gmt":"2025-05-27T13:47:38","slug":"privacy-policy","status":"publish","type":"page","link":"https:\/\/www.greenjaribiza.com\/es\/politica-de-privacidad-2\/","title":{"rendered":"Pol\u00edtica de privacidad"},"content":{"rendered":"<div data-elementor-type=\"wp-page\" data-elementor-id=\"3\" class=\"elementor elementor-3\" data-elementor-post-type=\"page\">\n\t\t\t\t<div class=\"elementor-element elementor-element-76fd1465 e-flex e-con-boxed e-con e-parent\" data-id=\"76fd1465\" data-element_type=\"container\" data-e-type=\"container\" data-settings=\"{&quot;background_background&quot;:&quot;classic&quot;}\">\n\t\t\t\t\t<div class=\"e-con-inner\">\n\t\t\t\t<div class=\"elementor-element elementor-element-557cff62 elementor-widget elementor-widget-spacer\" data-id=\"557cff62\" data-element_type=\"widget\" data-e-type=\"widget\" data-widget_type=\"spacer.default\">\n\t\t\t\t<div class=\"elementor-widget-container\">\n\t\t\t\t\t\t\t<div class=\"elementor-spacer\">\n\t\t\t<div class=\"elementor-spacer-inner\"><\/div>\n\t\t<\/div>\n\t\t\t\t\t\t<\/div>\n\t\t\t\t<\/div>\n\t\t\t\t<div class=\"elementor-element elementor-element-2563a99b elementor-widget elementor-widget-heading\" data-id=\"2563a99b\" data-element_type=\"widget\" data-e-type=\"widget\" data-widget_type=\"heading.default\">\n\t\t\t\t<div class=\"elementor-widget-container\">\n\t\t\t\t\t<h2 class=\"elementor-heading-title elementor-size-default\">Privacidad <b>Pol\u00edtica<\/b><\/h2>\t\t\t\t<\/div>\n\t\t\t\t<\/div>\n\t\t\t\t<div class=\"elementor-element elementor-element-b6a5316 elementor-widget elementor-widget-eael-breadcrumbs\" data-id=\"b6a5316\" data-element_type=\"widget\" data-e-type=\"widget\" data-widget_type=\"eael-breadcrumbs.default\">\n\t\t\t\t<div class=\"elementor-widget-container\">\n\t\t\t\t\t\t\t<div class=\"eael-breadcrumbs\">\n\t\t\t<div class=\"eael-breadcrumbs__content\"><a href=\"https:\/\/www.greenjaribiza.com\/es\">Inicio<\/a> <span class=\"eael-breadcrumb-separator\">\/<\/span> <span class = \"eael-current\">P\u00e1gina<\/span><\/div>\t\t<\/div>\n\t\t\t\t\t\t<\/div>\n\t\t\t\t<\/div>\n\t\t\t\t\t<\/div>\n\t\t\t\t<\/div>\n\t\t<div class=\"elementor-element elementor-element-2c61b98 e-flex e-con-boxed e-con e-parent\" data-id=\"2c61b98\" data-element_type=\"container\" data-e-type=\"container\">\n\t\t\t\t\t<div class=\"e-con-inner\">\n\t\t\t\t<div class=\"elementor-element elementor-element-114d64d5 elementor-widget elementor-widget-text-editor\" data-id=\"114d64d5\" data-element_type=\"widget\" data-e-type=\"widget\" data-widget_type=\"text-editor.default\">\n\t\t\t\t<div class=\"elementor-widget-container\">\n\t\t\t\t\t\t\t\t\t\n<p><strong>1. IDENTIFICACI\u00d3N<\/strong><\/p>\n<p>Propietario: Green Jar Ibiza SL<br \/>CIF: B44873370<\/p>\n<p>(en lo sucesivo, \"la Empresa\")<\/p>\t\t\t\t\t\t\t\t<\/div>\n\t\t\t\t<\/div>\n\t\t\t\t<div class=\"elementor-element elementor-element-b8abac4 elementor-widget elementor-widget-text-editor\" data-id=\"b8abac4\" data-element_type=\"widget\" data-e-type=\"widget\" data-widget_type=\"text-editor.default\">\n\t\t\t\t<div class=\"elementor-widget-container\">\n\t\t\t\t\t\t\t\t\t<p><strong>2. INFORMACI\u00d3N Y CONSENTIMIENTO<\/strong><\/p>\n<p>Mediante la lectura de la presente Pol\u00edtica de Privacidad, el usuario queda informado sobre la forma en que la Empresa recaba, procesa y protege los datos personales proporcionados a trav\u00e9s del sitio web (el \"Sitio Web\"), as\u00ed como cualquier otro dato que pueda ser proporcionado a la Empresa en el futuro.<\/p>\t\t\t\t\t\t\t\t<\/div>\n\t\t\t\t<\/div>\n\t\t\t\t<div class=\"elementor-element elementor-element-1d14418 elementor-widget elementor-widget-text-editor\" data-id=\"1d14418\" data-element_type=\"widget\" data-e-type=\"widget\" data-widget_type=\"text-editor.default\">\n\t\t\t\t<div class=\"elementor-widget-container\">\n\t\t\t\t\t\t\t\t\t<p><strong>3. DATOS PERSONALES<\/strong><\/p>\n<p>Los datos personales son informaci\u00f3n que identifica o permite identificar a una persona. A trav\u00e9s del sitio web, en los campos habilitados al efecto, la Empresa recaba los datos personales facilitados por el usuario: nombre, apellidos, direcci\u00f3n de correo electr\u00f3nico, n\u00famero de tel\u00e9fono, etc.<\/p>\t\t\t\t\t\t\t\t<\/div>\n\t\t\t\t<\/div>\n\t\t\t\t<div class=\"elementor-element elementor-element-7500e97 elementor-widget elementor-widget-text-editor\" data-id=\"7500e97\" data-element_type=\"widget\" data-e-type=\"widget\" data-widget_type=\"text-editor.default\">\n\t\t\t\t<div class=\"elementor-widget-container\">\n\t\t\t\t\t\t\t\t\t<p><strong>4. FINES DEL TRATAMIENTO DE DATOS<\/strong><\/p>\n<p>Los datos personales del usuario se tratar\u00e1n para los siguientes fines:<\/p>\n<p>Gestionar, tramitar y dar respuesta a solicitudes, consultas, incidencias, consultas, quejas o sugerencias.<br \/>Realizar an\u00e1lisis estad\u00edsticos del uso del sitio web.<br \/>Enviar comunicaciones comerciales personalizadas sobre los servicios de la Empresa, a trav\u00e9s de correo electr\u00f3nico o cualquier otro medio de comunicaci\u00f3n electr\u00f3nica.<\/p>\t\t\t\t\t\t\t\t<\/div>\n\t\t\t\t<\/div>\n\t\t\t\t<div class=\"elementor-element elementor-element-42dbb47 elementor-widget elementor-widget-text-editor\" data-id=\"42dbb47\" data-element_type=\"widget\" data-e-type=\"widget\" data-widget_type=\"text-editor.default\">\n\t\t\t\t<div class=\"elementor-widget-container\">\n\t\t\t\t\t\t\t\t\t<p><strong>5. 5. CONSERVACI\u00d3N DE DATOS<\/strong><\/p>\n<p>Los datos personales facilitados ser\u00e1n conservados por la Empresa mientras el usuario no solicite su supresi\u00f3n y, en todo caso, durante un plazo m\u00e1ximo de 1 a\u00f1o desde la \u00faltima confirmaci\u00f3n de inter\u00e9s por parte del usuario.<\/p>\t\t\t\t\t\t\t\t<\/div>\n\t\t\t\t<\/div>\n\t\t\t\t<div class=\"elementor-element elementor-element-2adbd05 elementor-widget elementor-widget-text-editor\" data-id=\"2adbd05\" data-element_type=\"widget\" data-e-type=\"widget\" data-widget_type=\"text-editor.default\">\n\t\t\t\t<div class=\"elementor-widget-container\">\n\t\t\t\t\t\t\t\t\t<p><strong>6. DECISIONES AUTOMATIZADAS Y ELABORACI\u00d3N DE PERFILES<\/strong><\/p>\n<p>La Empresa no toma decisiones automatizadas ni crea perfiles.<\/p>\t\t\t\t\t\t\t\t<\/div>\n\t\t\t\t<\/div>\n\t\t\t\t<div class=\"elementor-element elementor-element-16c1188 elementor-widget elementor-widget-text-editor\" data-id=\"16c1188\" data-element_type=\"widget\" data-e-type=\"widget\" data-widget_type=\"text-editor.default\">\n\t\t\t\t<div class=\"elementor-widget-container\">\n\t\t\t\t\t\t\t\t\t<p><strong>7. EJERCICIO DE LOS DERECHOS<\/strong><\/p>\n<p>El Usuario podr\u00e1 dirigir una carta a la Empresa a la direcci\u00f3n indicada en el encabezamiento de esta Pol\u00edtica, o por correo electr\u00f3nico a la direcci\u00f3n que se determine en cada caso, con la Referencia \"Protecci\u00f3n de Datos\", adjuntando fotocopia de su documento de identidad, en cualquier momento y de forma gratuita, a:<\/p>\n<p>Revocar las autorizaciones concedidas.<br \/>Obtener confirmaci\u00f3n de si la Empresa est\u00e1 tratando o no datos personales relativos al Usuario.<br \/>Acceder a sus datos personales.<br \/>Rectificar datos inexactos o incompletos.<br \/>Solicitar la supresi\u00f3n de sus datos cuando, entre otros motivos, los datos ya no sean necesarios para los fines para los que fueron recogidos.<br \/>Obtener de la Empresa una limitaci\u00f3n del tratamiento de datos cuando se cumpla alguna de las condiciones previstas en la normativa de protecci\u00f3n de datos.<br \/>Solicitar la portabilidad de sus datos.<br \/>Presentar una reclamaci\u00f3n ante la Agencia Espa\u00f1ola de Protecci\u00f3n de Datos en la siguiente direcci\u00f3n: Agencia Espa\u00f1ola de Protecci\u00f3n de Datos, C\/ Jorge Juan, 6, 28001 Madrid, si el interesado considera que la Empresa ha vulnerado los derechos que le reconoce la normativa aplicable en materia de protecci\u00f3n de datos.<\/p>\t\t\t\t\t\t\t\t<\/div>\n\t\t\t\t<\/div>\n\t\t\t\t\t<\/div>\n\t\t\t\t<\/div>\n\t\t\t\t<\/div>","protected":false},"excerpt":{"rendered":"<p>Privacy Policy Home \/ Page 1. IDENTIFICATION Owner: Green Jar Ibiza SLCIF: B44873370 (hereinafter, \u201cthe Company\u201d) 2. INFORMATION AND CONSENT By reading this Privacy Policy, the user is informed about how the Company collects, processes, and protects the personal data provided through the website (the &#8220;Website&#8221;) and any other data that may be provided to [&hellip;]<\/p>\n","protected":false},"author":3,"featured_media":0,"parent":0,"menu_order":0,"comment_status":"closed","ping_status":"closed","template":"","meta":{"footnotes":""},"class_list":["post-3","page","type-page","status-publish","hentry"],"yoast_head":"<!-- This site is optimized with the Yoast SEO plugin v26.5 - https:\/\/yoast.com\/wordpress\/plugins\/seo\/ -->\n<title>Privacy Policy - Green Jar Ibiza<\/title>\n<meta name=\"robots\" content=\"index, follow, max-snippet:-1, max-image-preview:large, max-video-preview:-1\" \/>\n<link rel=\"canonical\" href=\"https:\/\/www.greenjaribiza.com\/es\/politica-de-privacidad-2\/\" \/>\n<meta property=\"og:locale\" content=\"es_ES\" \/>\n<meta property=\"og:type\" content=\"article\" \/>\n<meta property=\"og:title\" content=\"Privacy Policy - Green Jar Ibiza\" \/>\n<meta property=\"og:description\" content=\"Privacy Policy Home \/ Page 1. IDENTIFICATION Owner: Green Jar Ibiza SLCIF: B44873370 (hereinafter, \u201cthe Company\u201d) 2. INFORMATION AND CONSENT By reading this Privacy Policy, the user is informed about how the Company collects, processes, and protects the personal data provided through the website (the &#8220;Website&#8221;) and any other data that may be provided to [&hellip;]\" \/>\n<meta property=\"og:url\" content=\"https:\/\/www.greenjaribiza.com\/es\/politica-de-privacidad-2\/\" \/>\n<meta property=\"og:site_name\" content=\"Green Jar Ibiza\" \/>\n<meta property=\"article:publisher\" content=\"https:\/\/www.facebook.com\/GreenJarIbiza\" \/>\n<meta property=\"article:modified_time\" content=\"2025-05-27T13:47:38+00:00\" \/>\n<meta property=\"og:image\" content=\"https:\/\/www.greenjaribiza.com\/wp-content\/uploads\/2025\/02\/logotipo-green-jar-verde-copiar.png\" \/>\n\t<meta property=\"og:image:width\" content=\"350\" \/>\n\t<meta property=\"og:image:height\" content=\"221\" \/>\n\t<meta property=\"og:image:type\" content=\"image\/png\" \/>\n<meta name=\"twitter:card\" content=\"summary_large_image\" \/>\n<meta name=\"twitter:label1\" content=\"Tiempo de lectura\" \/>\n\t<meta name=\"twitter:data1\" content=\"2 minutos\" \/>\n<script type=\"application\/ld+json\" class=\"yoast-schema-graph\">{\"@context\":\"https:\/\/schema.org\",\"@graph\":[{\"@type\":\"WebPage\",\"@id\":\"https:\/\/www.greenjaribiza.com\/privacy-policy\/\",\"url\":\"https:\/\/www.greenjaribiza.com\/privacy-policy\/\",\"name\":\"Privacy Policy - Green Jar Ibiza\",\"isPartOf\":{\"@id\":\"https:\/\/www.greenjaribiza.com\/#website\"},\"datePublished\":\"2025-02-06T21:31:53+00:00\",\"dateModified\":\"2025-05-27T13:47:38+00:00\",\"breadcrumb\":{\"@id\":\"https:\/\/www.greenjaribiza.com\/privacy-policy\/#breadcrumb\"},\"inLanguage\":\"es\",\"potentialAction\":[{\"@type\":\"ReadAction\",\"target\":[\"https:\/\/www.greenjaribiza.com\/privacy-policy\/\"]}]},{\"@type\":\"BreadcrumbList\",\"@id\":\"https:\/\/www.greenjaribiza.com\/privacy-policy\/#breadcrumb\",\"itemListElement\":[{\"@type\":\"ListItem\",\"position\":1,\"name\":\"Home\",\"item\":\"https:\/\/www.greenjaribiza.com\/en\/\"},{\"@type\":\"ListItem\",\"position\":2,\"name\":\"Privacy Policy\"}]},{\"@type\":\"WebSite\",\"@id\":\"https:\/\/www.greenjaribiza.com\/#website\",\"url\":\"https:\/\/www.greenjaribiza.com\/\",\"name\":\"Green Jar Ibiza\",\"description\":\"Cocktail Bar Catering Ibiza\",\"publisher\":{\"@id\":\"https:\/\/www.greenjaribiza.com\/#organization\"},\"alternateName\":\"Green Jar Ibiza\",\"potentialAction\":[{\"@type\":\"SearchAction\",\"target\":{\"@type\":\"EntryPoint\",\"urlTemplate\":\"https:\/\/www.greenjaribiza.com\/?s={search_term_string}\"},\"query-input\":{\"@type\":\"PropertyValueSpecification\",\"valueRequired\":true,\"valueName\":\"search_term_string\"}}],\"inLanguage\":\"es\"},{\"@type\":\"Organization\",\"@id\":\"https:\/\/www.greenjaribiza.com\/#organization\",\"name\":\"Green Jar Ibiza\",\"alternateName\":\"Green Jar Ibiza Cocktail Company\",\"url\":\"https:\/\/www.greenjaribiza.com\/\",\"logo\":{\"@type\":\"ImageObject\",\"inLanguage\":\"es\",\"@id\":\"https:\/\/www.greenjaribiza.com\/#\/schema\/logo\/image\/\",\"url\":\"https:\/\/www.greenjaribiza.com\/wp-content\/uploads\/2025\/02\/greenjar-ibiza-bar-cocktail-catering.png\",\"contentUrl\":\"https:\/\/www.greenjaribiza.com\/wp-content\/uploads\/2025\/02\/greenjar-ibiza-bar-cocktail-catering.png\",\"width\":300,\"height\":190,\"caption\":\"Green Jar Ibiza\"},\"image\":{\"@id\":\"https:\/\/www.greenjaribiza.com\/#\/schema\/logo\/image\/\"},\"sameAs\":[\"https:\/\/www.facebook.com\/GreenJarIbiza\",\"https:\/\/www.instagram.com\/greenjaribiza.cocktails?igsh=czZ0cnMxeWJhc3R0&utm_source=qr\",\"https:\/\/www.youtube.com\/@greenjaribiza\"]}]}<\/script>\n<!-- \/ Yoast SEO plugin. -->","yoast_head_json":{"title":"Pol\u00edtica de privacidad - Green Jar Ibiza","robots":{"index":"index","follow":"follow","max-snippet":"max-snippet:-1","max-image-preview":"max-image-preview:large","max-video-preview":"max-video-preview:-1"},"canonical":"https:\/\/www.greenjaribiza.com\/es\/politica-de-privacidad-2\/","og_locale":"es_ES","og_type":"article","og_title":"Privacy Policy - Green Jar Ibiza","og_description":"Privacy Policy Home \/ Page 1. IDENTIFICATION Owner: Green Jar Ibiza SLCIF: B44873370 (hereinafter, \u201cthe Company\u201d) 2. INFORMATION AND CONSENT By reading this Privacy Policy, the user is informed about how the Company collects, processes, and protects the personal data provided through the website (the &#8220;Website&#8221;) and any other data that may be provided to [&hellip;]","og_url":"https:\/\/www.greenjaribiza.com\/es\/politica-de-privacidad-2\/","og_site_name":"Green Jar Ibiza","article_publisher":"https:\/\/www.facebook.com\/GreenJarIbiza","article_modified_time":"2025-05-27T13:47:38+00:00","og_image":[{"width":350,"height":221,"url":"https:\/\/www.greenjaribiza.com\/wp-content\/uploads\/2025\/02\/logotipo-green-jar-verde-copiar.png","type":"image\/png"}],"twitter_card":"summary_large_image","twitter_misc":{"Tiempo de lectura":"2 minutos"},"schema":{"@context":"https:\/\/schema.org","@graph":[{"@type":"WebPage","@id":"https:\/\/www.greenjaribiza.com\/privacy-policy\/","url":"https:\/\/www.greenjaribiza.com\/privacy-policy\/","name":"Pol\u00edtica de privacidad - Green Jar Ibiza","isPartOf":{"@id":"https:\/\/www.greenjaribiza.com\/#website"},"datePublished":"2025-02-06T21:31:53+00:00","dateModified":"2025-05-27T13:47:38+00:00","breadcrumb":{"@id":"https:\/\/www.greenjaribiza.com\/privacy-policy\/#breadcrumb"},"inLanguage":"es","potentialAction":[{"@type":"ReadAction","target":["https:\/\/www.greenjaribiza.com\/privacy-policy\/"]}]},{"@type":"BreadcrumbList","@id":"https:\/\/www.greenjaribiza.com\/privacy-policy\/#breadcrumb","itemListElement":[{"@type":"ListItem","position":1,"name":"Home","item":"https:\/\/www.greenjaribiza.com\/en\/"},{"@type":"ListItem","position":2,"name":"Privacy Policy"}]},{"@type":"WebSite","@id":"https:\/\/www.greenjaribiza.com\/#website","url":"https:\/\/www.greenjaribiza.com\/","name":"Tarro Verde Ibiza","description":"Cocktail Bar Catering Ibiza","publisher":{"@id":"https:\/\/www.greenjaribiza.com\/#organization"},"alternateName":"Green Jar Ibiza","potentialAction":[{"@type":"SearchAction","target":{"@type":"EntryPoint","urlTemplate":"https:\/\/www.greenjaribiza.com\/?s={search_term_string}"},"query-input":{"@type":"PropertyValueSpecification","valueRequired":true,"valueName":"search_term_string"}}],"inLanguage":"es"},{"@type":"Organization","@id":"https:\/\/www.greenjaribiza.com\/#organization","name":"Tarro Verde Ibiza","alternateName":"Green Jar Ibiza Cocktail Company","url":"https:\/\/www.greenjaribiza.com\/","logo":{"@type":"ImageObject","inLanguage":"es","@id":"https:\/\/www.greenjaribiza.com\/#\/schema\/logo\/image\/","url":"https:\/\/www.greenjaribiza.com\/wp-content\/uploads\/2025\/02\/greenjar-ibiza-bar-cocktail-catering.png","contentUrl":"https:\/\/www.greenjaribiza.com\/wp-content\/uploads\/2025\/02\/greenjar-ibiza-bar-cocktail-catering.png","width":300,"height":190,"caption":"Green Jar Ibiza"},"image":{"@id":"https:\/\/www.greenjaribiza.com\/#\/schema\/logo\/image\/"},"sameAs":["https:\/\/www.facebook.com\/GreenJarIbiza","https:\/\/www.instagram.com\/greenjaribiza.cocktails?igsh=czZ0cnMxeWJhc3R0&utm_source=qr","https:\/\/www.youtube.com\/@greenjaribiza"]}]}},"_links":{"self":[{"href":"https:\/\/www.greenjaribiza.com\/es\/wp-json\/wp\/v2\/pages\/3","targetHints":{"allow":["GET"]}}],"collection":[{"href":"https:\/\/www.greenjaribiza.com\/es\/wp-json\/wp\/v2\/pages"}],"about":[{"href":"https:\/\/www.greenjaribiza.com\/es\/wp-json\/wp\/v2\/types\/page"}],"author":[{"embeddable":true,"href":"https:\/\/www.greenjaribiza.com\/es\/wp-json\/wp\/v2\/users\/3"}],"replies":[{"embeddable":true,"href":"https:\/\/www.greenjaribiza.com\/es\/wp-json\/wp\/v2\/comments?post=3"}],"version-history":[{"count":8,"href":"https:\/\/www.greenjaribiza.com\/es\/wp-json\/wp\/v2\/pages\/3\/revisions"}],"predecessor-version":[{"id":90313,"href":"https:\/\/www.greenjaribiza.com\/es\/wp-json\/wp\/v2\/pages\/3\/revisions\/90313"}],"wp:attachment":[{"href":"https:\/\/www.greenjaribiza.com\/es\/wp-json\/wp\/v2\/media?parent=3"}],"curies":[{"name":"wp","href":"https:\/\/api.w.org\/{rel}","templated":true}]}}